{"id":9618,"date":"2021-02-07T15:41:36","date_gmt":"2021-02-07T15:41:36","guid":{"rendered":"https:\/\/coursarabe-daralbayan.fr\/corporates\/"},"modified":"2023-05-13T18:45:06","modified_gmt":"2023-05-13T18:45:06","slug":"corporates","status":"publish","type":"page","link":"https:\/\/dar-albayan.com\/fr\/corporates\/","title":{"rendered":"Entreprises"},"content":{"rendered":"<p><span style=\"font-weight: 400;\">Si vous \u00eates un propri\u00e9taire ou un gestionnaire de travail cherchant \u00e0 fournir \u00e0 vos employ\u00e9s une vaste connaissance de<\/span> <span style=\"color: #800000;\"><b><i>Langue arabe<\/i><\/b><\/span><span style=\"font-weight: 400;\">, votre meilleur choix pour eux est<\/span> <span style=\"color: # 800000;\"><b><i>Dar Al Bayan<\/i><\/b><\/span><span style=\"font-weight: 400;\"><span style=\"color: #800000;\"> ,<\/span> car nous pouvons fournir des cours sur mesure<\/span> <span style=\"color: #800000;\"><b><i>Cours d&#8217;arabe<\/i><\/b><\/span> <span style=\"font-weight: 400;\">\u00e0 votre personnel. <\/span><\/p>\n<p><span style=\"font-weight: 400;\">Aider votre personnel et augmenter sa capacit\u00e9 \u00e0 utiliser<\/span> <span style=\"color: #800000;\"><b><i>la langue arabe<\/i><\/b><\/span>\u00a0<span style=\"font-weight: 400;\">dans les communications professionnelles et dans les pays dans lesquels ils travaillent et vivent, ce qui augmente leur productivit\u00e9 et facilite leur vie. <\/span><\/p>\n<p><span style=\"font-weight: 400;\">En outre, aider le personnel de travail \u00e0 relever les d\u00e9fis quotidiens de la communication en arabe, en utilisant de mani\u00e8re flexible<\/span> <span style=\"color: #800000;\"><b> <i>Cours d&#8217;arabe<\/i><\/b><\/span> <span style=\"font-weight: 400;\">pour les expatri\u00e9s travaillant dans des entreprises, des instituts, des ambassades et des organisations.<\/span><\/p>\n","protected":false},"excerpt":{"rendered":"<p>Si vous \u00eates un propri\u00e9taire ou un gestionnaire de travail cherchant \u00e0 fournir \u00e0 vos employ\u00e9s une vaste connaissance de Langue arabe, votre meilleur choix pour eux est Dar Al Bayan , car nous pouvons fournir des cours sur mesure &hellip; <\/p>\n","protected":false},"author":1,"featured_media":0,"parent":0,"menu_order":0,"comment_status":"closed","ping_status":"closed","template":"","meta":{"om_disable_all_campaigns":false,"_mi_skip_tracking":false,"_monsterinsights_sitenote_active":false,"_monsterinsights_sitenote_note":"","_monsterinsights_sitenote_category":0,"footnotes":""},"aioseo_notices":[],"yoast_head":"<!-- This site is optimized with the Yoast SEO plugin v21.1 - https:\/\/yoast.com\/wordpress\/plugins\/seo\/ -->\n<title>Entreprises - Dar Al Bayan<\/title>\n<meta name=\"robots\" content=\"noindex, follow, max-snippet:-1, max-image-preview:large, max-video-preview:-1\" \/>\n<meta property=\"og:locale\" content=\"fr_FR\" \/>\n<meta property=\"og:type\" content=\"article\" \/>\n<meta property=\"og:title\" content=\"Entreprises - Dar Al Bayan\" \/>\n<meta property=\"og:description\" content=\"Si vous \u00eates un propri\u00e9taire ou un gestionnaire de travail cherchant \u00e0 fournir \u00e0 vos employ\u00e9s une vaste connaissance de Langue arabe, votre meilleur choix pour eux est Dar Al Bayan , car nous pouvons fournir des cours sur mesure &hellip;\" \/>\n<meta property=\"og:url\" content=\"https:\/\/dar-albayan.com\/fr\/corporates\/\" \/>\n<meta property=\"og:site_name\" content=\"Dar Al Bayan\" \/>\n<meta property=\"article:modified_time\" content=\"2023-05-13T18:45:06+00:00\" \/>\n<meta name=\"twitter:card\" content=\"summary_large_image\" \/>\n<meta name=\"twitter:label1\" content=\"Dur\u00e9e de lecture estim\u00e9e\" \/>\n\t<meta name=\"twitter:data1\" content=\"1 minute\" \/>\n<script type=\"application\/ld+json\" class=\"yoast-schema-graph\">{\"@context\":\"https:\/\/schema.org\",\"@graph\":[{\"@type\":\"WebPage\",\"@id\":\"https:\/\/dar-albayan.com\/fr\/corporates\/\",\"url\":\"https:\/\/dar-albayan.com\/fr\/corporates\/\",\"name\":\"Entreprises - Dar Al Bayan\",\"isPartOf\":{\"@id\":\"\/#website\"},\"datePublished\":\"2021-02-07T15:41:36+00:00\",\"dateModified\":\"2023-05-13T18:45:06+00:00\",\"breadcrumb\":{\"@id\":\"https:\/\/dar-albayan.com\/fr\/corporates\/#breadcrumb\"},\"inLanguage\":\"fr-FR\",\"potentialAction\":[{\"@type\":\"ReadAction\",\"target\":[\"https:\/\/dar-albayan.com\/fr\/corporates\/\"]}]},{\"@type\":\"BreadcrumbList\",\"@id\":\"https:\/\/dar-albayan.com\/fr\/corporates\/#breadcrumb\",\"itemListElement\":[{\"@type\":\"ListItem\",\"position\":1,\"name\":\"Home\",\"item\":\"https:\/\/dar-albayan.com\/fr\/\"},{\"@type\":\"ListItem\",\"position\":2,\"name\":\"Entreprises\"}]},{\"@type\":\"WebSite\",\"@id\":\"\/#website\",\"url\":\"\/\",\"name\":\"Dar Al Bayan\",\"description\":\"Learn Arabic and Quran with Tajweed Online\",\"publisher\":{\"@id\":\"\/#organization\"},\"potentialAction\":[{\"@type\":\"SearchAction\",\"target\":{\"@type\":\"EntryPoint\",\"urlTemplate\":\"\/?s={search_term_string}\"},\"query-input\":\"required name=search_term_string\"}],\"inLanguage\":\"fr-FR\"},{\"@type\":\"Organization\",\"@id\":\"\/#organization\",\"name\":\"Dar Al Bayan\",\"url\":\"\/\",\"logo\":{\"@type\":\"ImageObject\",\"inLanguage\":\"fr-FR\",\"@id\":\"\/#\/schema\/logo\/image\/\",\"url\":\"https:\/\/dar-albayan.com\/wp-content\/uploads\/2023\/05\/Dar-albayan2-copy-copy.png\",\"contentUrl\":\"https:\/\/dar-albayan.com\/wp-content\/uploads\/2023\/05\/Dar-albayan2-copy-copy.png\",\"width\":399,\"height\":164,\"caption\":\"Dar Al Bayan\"},\"image\":{\"@id\":\"\/#\/schema\/logo\/image\/\"}}]}<\/script>\n<!-- \/ Yoast SEO plugin. -->","yoast_head_json":{"title":"Entreprises - Dar Al Bayan","robots":{"index":"noindex","follow":"follow","max-snippet":"max-snippet:-1","max-image-preview":"max-image-preview:large","max-video-preview":"max-video-preview:-1"},"og_locale":"fr_FR","og_type":"article","og_title":"Entreprises - Dar Al Bayan","og_description":"Si vous \u00eates un propri\u00e9taire ou un gestionnaire de travail cherchant \u00e0 fournir \u00e0 vos employ\u00e9s une vaste connaissance de Langue arabe, votre meilleur choix pour eux est Dar Al Bayan , car nous pouvons fournir des cours sur mesure &hellip;","og_url":"https:\/\/dar-albayan.com\/fr\/corporates\/","og_site_name":"Dar Al Bayan","article_modified_time":"2023-05-13T18:45:06+00:00","twitter_card":"summary_large_image","twitter_misc":{"Dur\u00e9e de lecture estim\u00e9e":"1 minute"},"schema":{"@context":"https:\/\/schema.org","@graph":[{"@type":"WebPage","@id":"https:\/\/dar-albayan.com\/fr\/corporates\/","url":"https:\/\/dar-albayan.com\/fr\/corporates\/","name":"Entreprises - Dar Al Bayan","isPartOf":{"@id":"\/#website"},"datePublished":"2021-02-07T15:41:36+00:00","dateModified":"2023-05-13T18:45:06+00:00","breadcrumb":{"@id":"https:\/\/dar-albayan.com\/fr\/corporates\/#breadcrumb"},"inLanguage":"fr-FR","potentialAction":[{"@type":"ReadAction","target":["https:\/\/dar-albayan.com\/fr\/corporates\/"]}]},{"@type":"BreadcrumbList","@id":"https:\/\/dar-albayan.com\/fr\/corporates\/#breadcrumb","itemListElement":[{"@type":"ListItem","position":1,"name":"Home","item":"https:\/\/dar-albayan.com\/fr\/"},{"@type":"ListItem","position":2,"name":"Entreprises"}]},{"@type":"WebSite","@id":"\/#website","url":"\/","name":"Dar Al Bayan","description":"Learn Arabic and Quran with Tajweed Online","publisher":{"@id":"\/#organization"},"potentialAction":[{"@type":"SearchAction","target":{"@type":"EntryPoint","urlTemplate":"\/?s={search_term_string}"},"query-input":"required name=search_term_string"}],"inLanguage":"fr-FR"},{"@type":"Organization","@id":"\/#organization","name":"Dar Al Bayan","url":"\/","logo":{"@type":"ImageObject","inLanguage":"fr-FR","@id":"\/#\/schema\/logo\/image\/","url":"https:\/\/dar-albayan.com\/wp-content\/uploads\/2023\/05\/Dar-albayan2-copy-copy.png","contentUrl":"https:\/\/dar-albayan.com\/wp-content\/uploads\/2023\/05\/Dar-albayan2-copy-copy.png","width":399,"height":164,"caption":"Dar Al Bayan"},"image":{"@id":"\/#\/schema\/logo\/image\/"}}]}},"_links":{"self":[{"href":"https:\/\/dar-albayan.com\/fr\/wp-json\/wp\/v2\/pages\/9618"}],"collection":[{"href":"https:\/\/dar-albayan.com\/fr\/wp-json\/wp\/v2\/pages"}],"about":[{"href":"https:\/\/dar-albayan.com\/fr\/wp-json\/wp\/v2\/types\/page"}],"author":[{"embeddable":true,"href":"https:\/\/dar-albayan.com\/fr\/wp-json\/wp\/v2\/users\/1"}],"replies":[{"embeddable":true,"href":"https:\/\/dar-albayan.com\/fr\/wp-json\/wp\/v2\/comments?post=9618"}],"version-history":[{"count":2,"href":"https:\/\/dar-albayan.com\/fr\/wp-json\/wp\/v2\/pages\/9618\/revisions"}],"predecessor-version":[{"id":10572,"href":"https:\/\/dar-albayan.com\/fr\/wp-json\/wp\/v2\/pages\/9618\/revisions\/10572"}],"wp:attachment":[{"href":"https:\/\/dar-albayan.com\/fr\/wp-json\/wp\/v2\/media?parent=9618"}],"curies":[{"name":"wp","href":"https:\/\/api.w.org\/{rel}","templated":true}]}}