{"id":9620,"date":"2020-07-05T15:59:26","date_gmt":"2020-07-05T15:59:26","guid":{"rendered":"https:\/\/coursarabe-daralbayan.fr\/family\/"},"modified":"2023-05-13T18:37:17","modified_gmt":"2023-05-13T18:37:17","slug":"family","status":"publish","type":"page","link":"https:\/\/dar-albayan.com\/fr\/family\/","title":{"rendered":"Famille"},"content":{"rendered":"<p>[vc_row][vc_column][vc_column_text]<span style=\"font-weight: 400;\">\u00c0 Dar Al Bayan, nous nous soucions de la famille qui cherche \u00e0 <\/span><span style=\"color: #800000;\"><b><i>apprendre l&#8217;arabe et le Coran en ligne<\/i><\/b><\/span><span style=\"font-weight: 400;\">, \u00e0 cette fin, nous fournissons <\/span><span style=\"color: #800000;\"><b><i>Cours d&#8217;arabe et de Coran<\/i><\/b><\/span> <span style=\"font-weight: 400;\">pour les familles avec des horaires flexibles et des prix abordables pour tous les membres de la famille.&lt;\/span &gt;<\/span><\/p>\n<p><span style=\"font-weight: 400;\"> Enrichir l&#8217;exp\u00e9rience des familles de faire partie de nouvelles soci\u00e9t\u00e9s en leur offrant <\/span><span style=\"color: #800000;\"><b><i>Arabe Cours de langue<\/i><\/b><\/span><span style=\"font-weight: 400;\"> gr\u00e2ce \u00e0 notre \u00e9quipe d&#8217;enseignants experts, en plus de leur fournir la culture du monde arabe, ce qui leur donne la possibilit\u00e9 de mettre en pratique dans la vie quotidienne ce qu&#8217;ils ont appris dans les cours d&#8217;arabe.<\/span><\/p>\n<div id=\"gtx-trans\" style=\"position: absolue; gauche: 803 px; haut: 102 px;\">\n<div class=\"gtx-trans-icon\"><\/div>\n<\/div>\n<p>[\/vc_column_text][\/vc_column][\/vc_row][vc_row][vc_column width=&#8221;1\/4&#8243;][\/vc_column][vc_column width=&#8221;3\/4&#8243;]\n<div class=\"wpcf7 no-js\" id=\"wpcf7-f9619-o1\" lang=\"fr-FR\" dir=\"ltr\">\n<div class=\"screen-reader-response\"><p role=\"status\" aria-live=\"polite\" aria-atomic=\"true\"><\/p> <ul><\/ul><\/div>\n<form action=\"\/fr\/wp-json\/wp\/v2\/pages\/9620#wpcf7-f9619-o1\" method=\"post\" class=\"wpcf7-form init\" aria-label=\"Formulaire de contact\" novalidate=\"novalidate\" data-status=\"init\">\n<div style=\"display: none;\">\n<input type=\"hidden\" name=\"_wpcf7\" value=\"9619\" \/>\n<input type=\"hidden\" name=\"_wpcf7_version\" value=\"5.8\" \/>\n<input type=\"hidden\" name=\"_wpcf7_locale\" value=\"fr_FR\" \/>\n<input type=\"hidden\" name=\"_wpcf7_unit_tag\" value=\"wpcf7-f9619-o1\" \/>\n<input type=\"hidden\" name=\"_wpcf7_container_post\" value=\"0\" \/>\n<input type=\"hidden\" name=\"_wpcf7_posted_data_hash\" value=\"\" \/>\n<\/div>\n<p><span class=\"wpcf7-form-control-wrap\" data-name=\"your-name\"><input size=\"40\" class=\"wpcf7-form-control wpcf7-text wpcf7-validates-as-required\" aria-required=\"true\" aria-invalid=\"false\" placeholder=\"Name*\" value=\"\" type=\"text\" name=\"your-name\" \/><\/span><br \/>\n<span class=\"wpcf7-form-control-wrap\" data-name=\"Age\"><input size=\"40\" class=\"wpcf7-form-control wpcf7-text wpcf7-validates-as-required\" aria-required=\"true\" aria-invalid=\"false\" placeholder=\"\u00c2ge*\" value=\"\" type=\"text\" name=\"Age\" \/><\/span><br \/>\n<span class=\"wpcf7-form-control-wrap\" data-name=\"your-email\"><input size=\"40\" class=\"wpcf7-form-control wpcf7-email wpcf7-validates-as-required wpcf7-text wpcf7-validates-as-email\" aria-required=\"true\" aria-invalid=\"false\" placeholder=\"Email*\" value=\"\" type=\"email\" name=\"your-email\" \/><\/span><br \/>\n<span class=\"wpcf7-form-control-wrap\" data-name=\"WhatsApp-name\"><input size=\"40\" class=\"wpcf7-form-control wpcf7-text wpcf7-validates-as-required\" aria-required=\"true\" aria-invalid=\"false\" placeholder=\"Num\u00e9ro WhatsApp*\" value=\"\" type=\"text\" name=\"WhatsApp-name\" \/><\/span><br \/>\n<span class=\"wpcf7-form-control-wrap\" data-name=\"ZoomAccount\"><input size=\"40\" class=\"wpcf7-form-control wpcf7-text\" aria-invalid=\"false\" placeholder=\"Compte Zoom*\" value=\"\" type=\"text\" name=\"ZoomAccount\" \/><\/span><br \/>\n<span class=\"wpcf7-form-control-wrap\" data-name=\"Howdidyouhearaboutourinstitute\"><input size=\"40\" class=\"wpcf7-form-control wpcf7-text\" aria-invalid=\"false\" placeholder=\"Comment avez-vous entendu parler de notre institut?\" value=\"\" type=\"text\" name=\"Howdidyouhearaboutourinstitute\" \/><\/span><br \/>\nAvez-vous d\u00e9j\u00e0 \u00e9tudi\u00e9 l'arabe ou le tajwid?<br \/>\n<span class=\"wpcf7-form-control-wrap\" data-name=\"radio-249\"><span class=\"wpcf7-form-control wpcf7-radio\"><span class=\"wpcf7-list-item first\"><input type=\"radio\" name=\"radio-249\" value=\"Oui\" checked=\"checked\" \/><span class=\"wpcf7-list-item-label\">Oui<\/span><\/span><span class=\"wpcf7-list-item last\"><input type=\"radio\" name=\"radio-249\" value=\"Non\" \/><span class=\"wpcf7-list-item-label\">Non<\/span><\/span><\/span><\/span>\n<\/p>\n<p><input class=\"wpcf7-form-control wpcf7-submit has-spinner\" type=\"submit\" value=\"Envoyer\" \/>\n<\/p><p style=\"display: none !important;\"><label>&#916;<textarea name=\"_wpcf7_ak_hp_textarea\" cols=\"45\" rows=\"8\" maxlength=\"100\"><\/textarea><\/label><input type=\"hidden\" id=\"ak_js_1\" name=\"_wpcf7_ak_js\" value=\"87\"\/><script>document.getElementById( \"ak_js_1\" ).setAttribute( \"value\", ( new Date() ).getTime() );<\/script><\/p><div class=\"wpcf7-response-output\" aria-hidden=\"true\"><\/div>\n<\/form>\n<\/div>\n[\/vc_column][\/vc_row]<\/p>\n","protected":false},"excerpt":{"rendered":"<p>[vc_row][vc_column][vc_column_text]\u00c0 Dar Al Bayan, nous nous soucions de la famille qui cherche \u00e0 apprendre l&#8217;arabe et le Coran en ligne, \u00e0 cette fin, nous fournissons Cours d&#8217;arabe et de Coran pour les familles avec des horaires flexibles et des prix &hellip; <\/p>\n","protected":false},"author":1,"featured_media":0,"parent":0,"menu_order":0,"comment_status":"closed","ping_status":"closed","template":"","meta":{"om_disable_all_campaigns":false,"_mi_skip_tracking":false,"_monsterinsights_sitenote_active":false,"_monsterinsights_sitenote_note":"","_monsterinsights_sitenote_category":0,"footnotes":""},"aioseo_notices":[],"yoast_head":"<!-- This site is optimized with the Yoast SEO plugin v21.1 - https:\/\/yoast.com\/wordpress\/plugins\/seo\/ -->\n<title>Famille - Dar Al Bayan<\/title>\n<meta name=\"robots\" content=\"noindex, follow, max-snippet:-1, max-image-preview:large, max-video-preview:-1\" \/>\n<meta property=\"og:locale\" content=\"fr_FR\" \/>\n<meta property=\"og:type\" content=\"article\" \/>\n<meta property=\"og:title\" content=\"Famille - Dar Al Bayan\" \/>\n<meta property=\"og:description\" content=\"[vc_row][vc_column][vc_column_text]\u00c0 Dar Al Bayan, nous nous soucions de la famille qui cherche \u00e0 apprendre l&#8217;arabe et le Coran en ligne, \u00e0 cette fin, nous fournissons Cours d&#8217;arabe et de Coran pour les familles avec des horaires flexibles et des prix &hellip;\" \/>\n<meta property=\"og:url\" content=\"https:\/\/dar-albayan.com\/fr\/family\/\" \/>\n<meta property=\"og:site_name\" content=\"Dar Al Bayan\" \/>\n<meta property=\"article:modified_time\" content=\"2023-05-13T18:37:17+00:00\" \/>\n<meta name=\"twitter:card\" content=\"summary_large_image\" \/>\n<meta name=\"twitter:label1\" content=\"Dur\u00e9e de lecture estim\u00e9e\" \/>\n\t<meta name=\"twitter:data1\" content=\"1 minute\" \/>\n<script type=\"application\/ld+json\" class=\"yoast-schema-graph\">{\"@context\":\"https:\/\/schema.org\",\"@graph\":[{\"@type\":\"WebPage\",\"@id\":\"https:\/\/dar-albayan.com\/fr\/family\/\",\"url\":\"https:\/\/dar-albayan.com\/fr\/family\/\",\"name\":\"Famille - Dar Al Bayan\",\"isPartOf\":{\"@id\":\"\/#website\"},\"datePublished\":\"2020-07-05T15:59:26+00:00\",\"dateModified\":\"2023-05-13T18:37:17+00:00\",\"breadcrumb\":{\"@id\":\"https:\/\/dar-albayan.com\/fr\/family\/#breadcrumb\"},\"inLanguage\":\"fr-FR\",\"potentialAction\":[{\"@type\":\"ReadAction\",\"target\":[\"https:\/\/dar-albayan.com\/fr\/family\/\"]}]},{\"@type\":\"BreadcrumbList\",\"@id\":\"https:\/\/dar-albayan.com\/fr\/family\/#breadcrumb\",\"itemListElement\":[{\"@type\":\"ListItem\",\"position\":1,\"name\":\"Home\",\"item\":\"https:\/\/dar-albayan.com\/fr\/\"},{\"@type\":\"ListItem\",\"position\":2,\"name\":\"Famille\"}]},{\"@type\":\"WebSite\",\"@id\":\"\/#website\",\"url\":\"\/\",\"name\":\"Dar Al Bayan\",\"description\":\"Learn Arabic and Quran with Tajweed Online\",\"publisher\":{\"@id\":\"\/#organization\"},\"potentialAction\":[{\"@type\":\"SearchAction\",\"target\":{\"@type\":\"EntryPoint\",\"urlTemplate\":\"\/?s={search_term_string}\"},\"query-input\":\"required name=search_term_string\"}],\"inLanguage\":\"fr-FR\"},{\"@type\":\"Organization\",\"@id\":\"\/#organization\",\"name\":\"Dar Al Bayan\",\"url\":\"\/\",\"logo\":{\"@type\":\"ImageObject\",\"inLanguage\":\"fr-FR\",\"@id\":\"\/#\/schema\/logo\/image\/\",\"url\":\"https:\/\/dar-albayan.com\/wp-content\/uploads\/2023\/05\/Dar-albayan2-copy-copy.png\",\"contentUrl\":\"https:\/\/dar-albayan.com\/wp-content\/uploads\/2023\/05\/Dar-albayan2-copy-copy.png\",\"width\":399,\"height\":164,\"caption\":\"Dar Al Bayan\"},\"image\":{\"@id\":\"\/#\/schema\/logo\/image\/\"}}]}<\/script>\n<!-- \/ Yoast SEO plugin. -->","yoast_head_json":{"title":"Famille - Dar Al Bayan","robots":{"index":"noindex","follow":"follow","max-snippet":"max-snippet:-1","max-image-preview":"max-image-preview:large","max-video-preview":"max-video-preview:-1"},"og_locale":"fr_FR","og_type":"article","og_title":"Famille - Dar Al Bayan","og_description":"[vc_row][vc_column][vc_column_text]\u00c0 Dar Al Bayan, nous nous soucions de la famille qui cherche \u00e0 apprendre l&#8217;arabe et le Coran en ligne, \u00e0 cette fin, nous fournissons Cours d&#8217;arabe et de Coran pour les familles avec des horaires flexibles et des prix &hellip;","og_url":"https:\/\/dar-albayan.com\/fr\/family\/","og_site_name":"Dar Al Bayan","article_modified_time":"2023-05-13T18:37:17+00:00","twitter_card":"summary_large_image","twitter_misc":{"Dur\u00e9e de lecture estim\u00e9e":"1 minute"},"schema":{"@context":"https:\/\/schema.org","@graph":[{"@type":"WebPage","@id":"https:\/\/dar-albayan.com\/fr\/family\/","url":"https:\/\/dar-albayan.com\/fr\/family\/","name":"Famille - Dar Al Bayan","isPartOf":{"@id":"\/#website"},"datePublished":"2020-07-05T15:59:26+00:00","dateModified":"2023-05-13T18:37:17+00:00","breadcrumb":{"@id":"https:\/\/dar-albayan.com\/fr\/family\/#breadcrumb"},"inLanguage":"fr-FR","potentialAction":[{"@type":"ReadAction","target":["https:\/\/dar-albayan.com\/fr\/family\/"]}]},{"@type":"BreadcrumbList","@id":"https:\/\/dar-albayan.com\/fr\/family\/#breadcrumb","itemListElement":[{"@type":"ListItem","position":1,"name":"Home","item":"https:\/\/dar-albayan.com\/fr\/"},{"@type":"ListItem","position":2,"name":"Famille"}]},{"@type":"WebSite","@id":"\/#website","url":"\/","name":"Dar Al Bayan","description":"Learn Arabic and Quran with Tajweed Online","publisher":{"@id":"\/#organization"},"potentialAction":[{"@type":"SearchAction","target":{"@type":"EntryPoint","urlTemplate":"\/?s={search_term_string}"},"query-input":"required name=search_term_string"}],"inLanguage":"fr-FR"},{"@type":"Organization","@id":"\/#organization","name":"Dar Al Bayan","url":"\/","logo":{"@type":"ImageObject","inLanguage":"fr-FR","@id":"\/#\/schema\/logo\/image\/","url":"https:\/\/dar-albayan.com\/wp-content\/uploads\/2023\/05\/Dar-albayan2-copy-copy.png","contentUrl":"https:\/\/dar-albayan.com\/wp-content\/uploads\/2023\/05\/Dar-albayan2-copy-copy.png","width":399,"height":164,"caption":"Dar Al Bayan"},"image":{"@id":"\/#\/schema\/logo\/image\/"}}]}},"_links":{"self":[{"href":"https:\/\/dar-albayan.com\/fr\/wp-json\/wp\/v2\/pages\/9620"}],"collection":[{"href":"https:\/\/dar-albayan.com\/fr\/wp-json\/wp\/v2\/pages"}],"about":[{"href":"https:\/\/dar-albayan.com\/fr\/wp-json\/wp\/v2\/types\/page"}],"author":[{"embeddable":true,"href":"https:\/\/dar-albayan.com\/fr\/wp-json\/wp\/v2\/users\/1"}],"replies":[{"embeddable":true,"href":"https:\/\/dar-albayan.com\/fr\/wp-json\/wp\/v2\/comments?post=9620"}],"version-history":[{"count":2,"href":"https:\/\/dar-albayan.com\/fr\/wp-json\/wp\/v2\/pages\/9620\/revisions"}],"predecessor-version":[{"id":10569,"href":"https:\/\/dar-albayan.com\/fr\/wp-json\/wp\/v2\/pages\/9620\/revisions\/10569"}],"wp:attachment":[{"href":"https:\/\/dar-albayan.com\/fr\/wp-json\/wp\/v2\/media?parent=9620"}],"curies":[{"name":"wp","href":"https:\/\/api.w.org\/{rel}","templated":true}]}}