{"id":9637,"date":"2020-05-14T03:29:50","date_gmt":"2020-05-14T03:29:50","guid":{"rendered":"https:\/\/coursarabe-daralbayan.fr\/videos\/"},"modified":"2023-05-13T18:20:18","modified_gmt":"2023-05-13T18:20:18","slug":"videos","status":"publish","type":"page","link":"https:\/\/dar-albayan.com\/fr\/videos\/","title":{"rendered":"Vid\u00e9os"},"content":{"rendered":"<p>[vc_row][vc_column][vc_column_text]<\/p>\n<p style=\"text-align: center;\"><span style=\"font-weight: 400;\">Pour regarder diverses vid\u00e9os sur <\/span><span style=\"color: #800000;\"><b><i>apprendre l&#8217;arabe et le coran<\/i><\/b><\/span><span style=\"font-weight: 400;\">, suivi <\/span><span style=\"color: #800000;\"><b><i>Dar Al Bayan<\/i><\/b><\/span><span style=\"font-weight: 400;\"><a href=\"https:\/\/www.youtube.com\/channel\/UCimeK9S9AJm6ccH7qQDEFKg\"> Cha\u00eene Youtube <\/a>:\u00a0<\/span><\/p>\n<p style=\"text-align: center;\"><span style=\"font-weight: 400;\">Certains des \u00e9lus <\/span><span style=\"color: #800000;\"><b><i>Apprendre l&#8217;arabe et le coran en ligne<\/i><\/b><\/span><span style=\"font-weight: 400;\"> vid\u00e9os:\u00a0<\/span><\/p>\n<div id=\"gtx-trans\" style=\"position: absolute; left: 37px; top: -10px;\">\n<div class=\"gtx-trans-icon\"><\/div>\n<\/div>\n<p>[\/vc_column_text][\/vc_column][\/vc_row][vc_row][vc_column width=&#8221;1\/3&#8243;]<div class=\"thim-widget-video\">    <div class=\"thim-video-popup image-layout\">\n        <img src=\"https:\/\/dar-albayan.com\/wp-content\/uploads\/2019\/04\/slider2.jpg\" alt=\"\">\n        <div class=\"video-info\">\n            <a class=\"button-popup\" href=\"#popup-id9273\"><i class=\"ion-ios-play\"><\/i><\/a>\n        <\/div>\n        <div class=\"video-content mfp-hide\" id=\"popup-id9273\">\n            <div class=\"video\"><iframe id=\"thim-video\" width=\"100%\" height=\"500px\" src=\"https:\/\/www.youtube.com\/embed\/3_KIBssdGwM\" allowfullscreen style=\"border: 0;\"><\/iframe><\/div>        <\/div>\n    <\/div>\n    <\/div>[\/vc_column][vc_column width=&#8221;1\/3&#8243;]<div class=\"thim-widget-video\">    <div class=\"thim-video-popup image-layout\">\n        <img src=\"https:\/\/dar-albayan.com\/wp-content\/uploads\/2019\/04\/slider5.jpg\" alt=\"\">\n        <div class=\"video-info\">\n            <a class=\"button-popup\" href=\"#popup-id5056\"><i class=\"ion-ios-play\"><\/i><\/a>\n        <\/div>\n        <div class=\"video-content mfp-hide\" id=\"popup-id5056\">\n            <div class=\"video\"><iframe id=\"thim-video\" width=\"100%\" height=\"500px\" src=\"https:\/\/www.youtube.com\/embed\/3_KIBssdGwM\" allowfullscreen style=\"border: 0;\"><\/iframe><\/div>        <\/div>\n    <\/div>\n    <\/div>[\/vc_column][vc_column width=&#8221;1\/3&#8243;]<div class=\"thim-widget-video\">    <div class=\"thim-video-popup image-layout\">\n        <img src=\"https:\/\/dar-albayan.com\/wp-content\/uploads\/2018\/10\/LearnQuranDubai-3709181_b_83a2cba2631d79af566b61527cf1b1ec.jpg\" alt=\"\">\n        <div class=\"video-info\">\n            <a class=\"button-popup\" href=\"#popup-id8441\"><i class=\"ion-ios-play\"><\/i><\/a>\n        <\/div>\n        <div class=\"video-content mfp-hide\" id=\"popup-id8441\">\n            <div class=\"video\"><iframe id=\"thim-video\" width=\"100%\" height=\"500px\" src=\"https:\/\/www.youtube.com\/embed\/3_KIBssdGwM\" allowfullscreen style=\"border: 0;\"><\/iframe><\/div>        <\/div>\n    <\/div>\n    <\/div>[\/vc_column][\/vc_row][vc_row][vc_column width=&#8221;1\/3&#8243;]<div class=\"thim-widget-video\">    <div class=\"thim-video-popup image-layout\">\n        <img src=\"https:\/\/dar-albayan.com\/wp-content\/uploads\/2018\/10\/LearnQuranDubai-3709181_b_83a2cba2631d79af566b61527cf1b1ec.jpg\" alt=\"\">\n        <div class=\"video-info\">\n            <a class=\"button-popup\" href=\"#popup-id6353\"><i class=\"ion-ios-play\"><\/i><\/a>\n        <\/div>\n        <div class=\"video-content mfp-hide\" id=\"popup-id6353\">\n            <div class=\"video\"><iframe id=\"thim-video\" width=\"100%\" height=\"500px\" src=\"https:\/\/www.youtube.com\/embed\/3_KIBssdGwM\" allowfullscreen style=\"border: 0;\"><\/iframe><\/div>        <\/div>\n    <\/div>\n    <\/div>[\/vc_column][vc_column width=&#8221;1\/3&#8243;]<div class=\"thim-widget-video\">    <div class=\"thim-video-popup image-layout\">\n        <img src=\"https:\/\/dar-albayan.com\/wp-content\/uploads\/2019\/04\/slider2.jpg\" alt=\"\">\n        <div class=\"video-info\">\n            <a class=\"button-popup\" href=\"#popup-id9250\"><i class=\"ion-ios-play\"><\/i><\/a>\n        <\/div>\n        <div class=\"video-content mfp-hide\" id=\"popup-id9250\">\n            <div class=\"video\"><iframe id=\"thim-video\" width=\"100%\" height=\"500px\" src=\"https:\/\/www.youtube.com\/embed\/3_KIBssdGwM\" allowfullscreen style=\"border: 0;\"><\/iframe><\/div>        <\/div>\n    <\/div>\n    <\/div>[\/vc_column][vc_column width=&#8221;1\/3&#8243;]<div class=\"thim-widget-video\">    <div class=\"thim-video-popup image-layout\">\n        <img src=\"https:\/\/dar-albayan.com\/wp-content\/uploads\/2019\/04\/slider5.jpg\" alt=\"\">\n        <div class=\"video-info\">\n            <a class=\"button-popup\" href=\"#popup-id8887\"><i class=\"ion-ios-play\"><\/i><\/a>\n        <\/div>\n        <div class=\"video-content mfp-hide\" id=\"popup-id8887\">\n            <div class=\"video\"><iframe id=\"thim-video\" width=\"100%\" height=\"500px\" src=\"https:\/\/www.youtube.com\/embed\/3_KIBssdGwM\" allowfullscreen style=\"border: 0;\"><\/iframe><\/div>        <\/div>\n    <\/div>\n    <\/div>[\/vc_column][\/vc_row][vc_row][vc_column width=&#8221;1\/3&#8243;]<div class=\"thim-widget-video\">    <div class=\"thim-video-popup image-layout\">\n        <img src=\"https:\/\/dar-albayan.com\/wp-content\/uploads\/2019\/04\/slider2.jpg\" alt=\"\">\n        <div class=\"video-info\">\n            <a class=\"button-popup\" href=\"#popup-id6222\"><i class=\"ion-ios-play\"><\/i><\/a>\n        <\/div>\n        <div class=\"video-content mfp-hide\" id=\"popup-id6222\">\n            <div class=\"video\"><iframe id=\"thim-video\" width=\"100%\" height=\"500px\" src=\"https:\/\/www.youtube.com\/embed\/3_KIBssdGwM\" allowfullscreen style=\"border: 0;\"><\/iframe><\/div>        <\/div>\n    <\/div>\n    <\/div>[\/vc_column][vc_column width=&#8221;1\/3&#8243;]<div class=\"thim-widget-video\">    <div class=\"thim-video-popup image-layout\">\n        <img src=\"https:\/\/dar-albayan.com\/wp-content\/uploads\/2019\/04\/slider5.jpg\" alt=\"\">\n        <div class=\"video-info\">\n            <a class=\"button-popup\" href=\"#popup-id9612\"><i class=\"ion-ios-play\"><\/i><\/a>\n        <\/div>\n        <div class=\"video-content mfp-hide\" id=\"popup-id9612\">\n            <div class=\"video\"><iframe id=\"thim-video\" width=\"100%\" height=\"500px\" src=\"https:\/\/www.youtube.com\/embed\/3_KIBssdGwM\" allowfullscreen style=\"border: 0;\"><\/iframe><\/div>        <\/div>\n    <\/div>\n    <\/div>[\/vc_column][vc_column width=&#8221;1\/3&#8243;]<div class=\"thim-widget-video\">    <div class=\"thim-video-popup image-layout\">\n        <img src=\"https:\/\/dar-albayan.com\/wp-content\/uploads\/2018\/10\/LearnQuranDubai-3709181_b_83a2cba2631d79af566b61527cf1b1ec.jpg\" alt=\"\">\n        <div class=\"video-info\">\n            <a class=\"button-popup\" href=\"#popup-id5202\"><i class=\"ion-ios-play\"><\/i><\/a>\n        <\/div>\n        <div class=\"video-content mfp-hide\" id=\"popup-id5202\">\n            <div class=\"video\"><iframe id=\"thim-video\" width=\"100%\" height=\"500px\" src=\"https:\/\/www.youtube.com\/embed\/3_KIBssdGwM\" allowfullscreen style=\"border: 0;\"><\/iframe><\/div>        <\/div>\n    <\/div>\n    <\/div>[\/vc_column][\/vc_row]<\/p>\n","protected":false},"excerpt":{"rendered":"<p>[vc_row][vc_column][vc_column_text] Pour regarder diverses vid\u00e9os sur apprendre l&#8217;arabe et le coran, suivi Dar Al Bayan Cha\u00eene Youtube :\u00a0 Certains des \u00e9lus Apprendre l&#8217;arabe et le coran en ligne vid\u00e9os:\u00a0 [\/vc_column_text][\/vc_column][\/vc_row][vc_row][vc_column width=&#8221;1\/3&#8243;][\/vc_column][vc_column width=&#8221;1\/3&#8243;][\/vc_column][vc_column width=&#8221;1\/3&#8243;][\/vc_column][\/vc_row][vc_row][vc_column width=&#8221;1\/3&#8243;][\/vc_column][vc_column width=&#8221;1\/3&#8243;][\/vc_column][vc_column width=&#8221;1\/3&#8243;][\/vc_column][\/vc_row][vc_row][vc_column width=&#8221;1\/3&#8243;][\/vc_column][vc_column width=&#8221;1\/3&#8243;][\/vc_column][vc_column width=&#8221;1\/3&#8243;][\/vc_column][\/vc_row]<\/p>\n","protected":false},"author":1,"featured_media":0,"parent":0,"menu_order":0,"comment_status":"closed","ping_status":"closed","template":"","meta":{"om_disable_all_campaigns":false,"_mi_skip_tracking":false,"_monsterinsights_sitenote_active":false,"_monsterinsights_sitenote_note":"","_monsterinsights_sitenote_category":0,"footnotes":""},"aioseo_notices":[],"yoast_head":"<!-- This site is optimized with the Yoast SEO plugin v21.1 - https:\/\/yoast.com\/wordpress\/plugins\/seo\/ -->\n<title>Vid\u00e9os - Dar Al Bayan<\/title>\n<meta name=\"robots\" content=\"noindex, follow, max-snippet:-1, max-image-preview:large, max-video-preview:-1\" \/>\n<meta property=\"og:locale\" content=\"fr_FR\" \/>\n<meta property=\"og:type\" content=\"article\" \/>\n<meta property=\"og:title\" content=\"Vid\u00e9os - Dar Al Bayan\" \/>\n<meta property=\"og:description\" content=\"[vc_row][vc_column][vc_column_text] Pour regarder diverses vid\u00e9os sur apprendre l&#8217;arabe et le coran, suivi Dar Al Bayan Cha\u00eene Youtube :\u00a0 Certains des \u00e9lus Apprendre l&#8217;arabe et le coran en ligne vid\u00e9os:\u00a0 [\/vc_column_text][\/vc_column][\/vc_row][vc_row][vc_column width=&#8221;1\/3&#8243;][\/vc_column][vc_column width=&#8221;1\/3&#8243;][\/vc_column][vc_column width=&#8221;1\/3&#8243;][\/vc_column][\/vc_row][vc_row][vc_column width=&#8221;1\/3&#8243;][\/vc_column][vc_column width=&#8221;1\/3&#8243;][\/vc_column][vc_column width=&#8221;1\/3&#8243;][\/vc_column][\/vc_row][vc_row][vc_column width=&#8221;1\/3&#8243;][\/vc_column][vc_column width=&#8221;1\/3&#8243;][\/vc_column][vc_column width=&#8221;1\/3&#8243;][\/vc_column][\/vc_row]\" \/>\n<meta property=\"og:url\" content=\"https:\/\/dar-albayan.com\/fr\/videos\/\" \/>\n<meta property=\"og:site_name\" content=\"Dar Al Bayan\" \/>\n<meta property=\"article:modified_time\" content=\"2023-05-13T18:20:18+00:00\" \/>\n<meta name=\"twitter:card\" content=\"summary_large_image\" \/>\n<meta name=\"twitter:label1\" content=\"Dur\u00e9e de lecture estim\u00e9e\" \/>\n\t<meta name=\"twitter:data1\" content=\"1 minute\" \/>\n<script type=\"application\/ld+json\" class=\"yoast-schema-graph\">{\"@context\":\"https:\/\/schema.org\",\"@graph\":[{\"@type\":\"WebPage\",\"@id\":\"https:\/\/dar-albayan.com\/fr\/videos\/\",\"url\":\"https:\/\/dar-albayan.com\/fr\/videos\/\",\"name\":\"Vid\u00e9os - Dar Al Bayan\",\"isPartOf\":{\"@id\":\"\/#website\"},\"datePublished\":\"2020-05-14T03:29:50+00:00\",\"dateModified\":\"2023-05-13T18:20:18+00:00\",\"breadcrumb\":{\"@id\":\"https:\/\/dar-albayan.com\/fr\/videos\/#breadcrumb\"},\"inLanguage\":\"fr-FR\",\"potentialAction\":[{\"@type\":\"ReadAction\",\"target\":[\"https:\/\/dar-albayan.com\/fr\/videos\/\"]}]},{\"@type\":\"BreadcrumbList\",\"@id\":\"https:\/\/dar-albayan.com\/fr\/videos\/#breadcrumb\",\"itemListElement\":[{\"@type\":\"ListItem\",\"position\":1,\"name\":\"Home\",\"item\":\"https:\/\/dar-albayan.com\/fr\/\"},{\"@type\":\"ListItem\",\"position\":2,\"name\":\"Vid\u00e9os\"}]},{\"@type\":\"WebSite\",\"@id\":\"\/#website\",\"url\":\"\/\",\"name\":\"Dar Al Bayan\",\"description\":\"Learn Arabic and Quran with Tajweed Online\",\"publisher\":{\"@id\":\"\/#organization\"},\"potentialAction\":[{\"@type\":\"SearchAction\",\"target\":{\"@type\":\"EntryPoint\",\"urlTemplate\":\"\/?s={search_term_string}\"},\"query-input\":\"required name=search_term_string\"}],\"inLanguage\":\"fr-FR\"},{\"@type\":\"Organization\",\"@id\":\"\/#organization\",\"name\":\"Dar Al Bayan\",\"url\":\"\/\",\"logo\":{\"@type\":\"ImageObject\",\"inLanguage\":\"fr-FR\",\"@id\":\"\/#\/schema\/logo\/image\/\",\"url\":\"https:\/\/dar-albayan.com\/wp-content\/uploads\/2023\/05\/Dar-albayan2-copy-copy.png\",\"contentUrl\":\"https:\/\/dar-albayan.com\/wp-content\/uploads\/2023\/05\/Dar-albayan2-copy-copy.png\",\"width\":399,\"height\":164,\"caption\":\"Dar Al Bayan\"},\"image\":{\"@id\":\"\/#\/schema\/logo\/image\/\"}}]}<\/script>\n<!-- \/ Yoast SEO plugin. -->","yoast_head_json":{"title":"Vid\u00e9os - Dar Al Bayan","robots":{"index":"noindex","follow":"follow","max-snippet":"max-snippet:-1","max-image-preview":"max-image-preview:large","max-video-preview":"max-video-preview:-1"},"og_locale":"fr_FR","og_type":"article","og_title":"Vid\u00e9os - Dar Al Bayan","og_description":"[vc_row][vc_column][vc_column_text] Pour regarder diverses vid\u00e9os sur apprendre l&#8217;arabe et le coran, suivi Dar Al Bayan Cha\u00eene Youtube :\u00a0 Certains des \u00e9lus Apprendre l&#8217;arabe et le coran en ligne vid\u00e9os:\u00a0 [\/vc_column_text][\/vc_column][\/vc_row][vc_row][vc_column width=&#8221;1\/3&#8243;][\/vc_column][vc_column width=&#8221;1\/3&#8243;][\/vc_column][vc_column width=&#8221;1\/3&#8243;][\/vc_column][\/vc_row][vc_row][vc_column width=&#8221;1\/3&#8243;][\/vc_column][vc_column width=&#8221;1\/3&#8243;][\/vc_column][vc_column width=&#8221;1\/3&#8243;][\/vc_column][\/vc_row][vc_row][vc_column width=&#8221;1\/3&#8243;][\/vc_column][vc_column width=&#8221;1\/3&#8243;][\/vc_column][vc_column width=&#8221;1\/3&#8243;][\/vc_column][\/vc_row]","og_url":"https:\/\/dar-albayan.com\/fr\/videos\/","og_site_name":"Dar Al Bayan","article_modified_time":"2023-05-13T18:20:18+00:00","twitter_card":"summary_large_image","twitter_misc":{"Dur\u00e9e de lecture estim\u00e9e":"1 minute"},"schema":{"@context":"https:\/\/schema.org","@graph":[{"@type":"WebPage","@id":"https:\/\/dar-albayan.com\/fr\/videos\/","url":"https:\/\/dar-albayan.com\/fr\/videos\/","name":"Vid\u00e9os - Dar Al Bayan","isPartOf":{"@id":"\/#website"},"datePublished":"2020-05-14T03:29:50+00:00","dateModified":"2023-05-13T18:20:18+00:00","breadcrumb":{"@id":"https:\/\/dar-albayan.com\/fr\/videos\/#breadcrumb"},"inLanguage":"fr-FR","potentialAction":[{"@type":"ReadAction","target":["https:\/\/dar-albayan.com\/fr\/videos\/"]}]},{"@type":"BreadcrumbList","@id":"https:\/\/dar-albayan.com\/fr\/videos\/#breadcrumb","itemListElement":[{"@type":"ListItem","position":1,"name":"Home","item":"https:\/\/dar-albayan.com\/fr\/"},{"@type":"ListItem","position":2,"name":"Vid\u00e9os"}]},{"@type":"WebSite","@id":"\/#website","url":"\/","name":"Dar Al Bayan","description":"Learn Arabic and Quran with Tajweed Online","publisher":{"@id":"\/#organization"},"potentialAction":[{"@type":"SearchAction","target":{"@type":"EntryPoint","urlTemplate":"\/?s={search_term_string}"},"query-input":"required name=search_term_string"}],"inLanguage":"fr-FR"},{"@type":"Organization","@id":"\/#organization","name":"Dar Al Bayan","url":"\/","logo":{"@type":"ImageObject","inLanguage":"fr-FR","@id":"\/#\/schema\/logo\/image\/","url":"https:\/\/dar-albayan.com\/wp-content\/uploads\/2023\/05\/Dar-albayan2-copy-copy.png","contentUrl":"https:\/\/dar-albayan.com\/wp-content\/uploads\/2023\/05\/Dar-albayan2-copy-copy.png","width":399,"height":164,"caption":"Dar Al Bayan"},"image":{"@id":"\/#\/schema\/logo\/image\/"}}]}},"_links":{"self":[{"href":"https:\/\/dar-albayan.com\/fr\/wp-json\/wp\/v2\/pages\/9637"}],"collection":[{"href":"https:\/\/dar-albayan.com\/fr\/wp-json\/wp\/v2\/pages"}],"about":[{"href":"https:\/\/dar-albayan.com\/fr\/wp-json\/wp\/v2\/types\/page"}],"author":[{"embeddable":true,"href":"https:\/\/dar-albayan.com\/fr\/wp-json\/wp\/v2\/users\/1"}],"replies":[{"embeddable":true,"href":"https:\/\/dar-albayan.com\/fr\/wp-json\/wp\/v2\/comments?post=9637"}],"version-history":[{"count":3,"href":"https:\/\/dar-albayan.com\/fr\/wp-json\/wp\/v2\/pages\/9637\/revisions"}],"predecessor-version":[{"id":10556,"href":"https:\/\/dar-albayan.com\/fr\/wp-json\/wp\/v2\/pages\/9637\/revisions\/10556"}],"wp:attachment":[{"href":"https:\/\/dar-albayan.com\/fr\/wp-json\/wp\/v2\/media?parent=9637"}],"curies":[{"name":"wp","href":"https:\/\/api.w.org\/{rel}","templated":true}]}}