{"id":9676,"date":"2015-11-18T08:34:00","date_gmt":"2015-11-18T08:34:00","guid":{"rendered":"https:\/\/coursarabe-daralbayan.fr\/about-us\/"},"modified":"2023-03-08T22:10:46","modified_gmt":"2023-03-08T22:10:46","slug":"about-us","status":"publish","type":"page","link":"https:\/\/dar-albayan.com\/fr\/about-us\/","title":{"rendered":"About Us"},"content":{"rendered":"<p>[vc_row css=&#8221;.vc_custom_1471019067901{padding-top: 30px !important;}&#8221;][vc_column]<div class=\"thim-widget-heading\"><div class=\"sc_heading clone_title  wpb_animate_when_almost_visible wpb_appear text-center\"><h3 style=\"color:#eded00;font-size:50px;font-weight:bold;font-style:normal;\" class=\"title\"> <span class=\"thim-color\">\u00c0 propos de nous<\/span><\/h3><div class=\"clone\" style=\"color:#eded00;\"><\/div><span style=\"background-color:#2d0000\" class=\"line\"><\/span><\/div><\/div>[vc_column_text css_animation=&#8221;fadeIn&#8221;]&nbsp;<\/p>\n<ul>\n<li><em><strong>Dar Al Bayan<\/strong><\/em> est un centre \u00e9gyptien \u00e9tabli en 2013 en Egypte, nous sommes sp\u00e9cialis\u00e9s dans l&#8217;enseignement de l&#8217;arabe et du Coran aux non-natifs qui souhaitent apprendre l&#8217;arabe et le <strong><em>Coran en ligne<\/em>.<\/strong> Nous avons pris de nombreuses phases de r\u00e9forme afin d&#8217;atteindre un statut acad\u00e9mique et professionnel mature jusqu&#8217;\u00e0 ce que nous nous soyons prouv\u00e9s comme l&#8217;un des leaders de l&#8217;enseignement de l&#8217;arabe aux non-natifs.<br \/>\nTout au long de notre chemin vers le sommet de l&#8217;industrie de l&#8217;enseignement de l&#8217;arabe et du Coran, nous avons atteint plusieurs points difficiles sur la route.<br \/>\nDar Al Bayan se soucie et appr\u00e9cie chaque \u00e9tudiant qui souhait<em>e <strong>apprendre l&#8217;arabe et le Coran<\/strong><\/em> en ligne et appr\u00e9cie la science, la connaissance et la recherche pour eux.<br \/>\nA<em> <strong>Dar Al Bayan<\/strong><\/em>, nous disposons d&#8217;une \u00e9quipe de professeurs exp\u00e9riment\u00e9s et talentueux dans les langues arabes, ses branches, et dans le Coran et ses diff\u00e9rentes sciences. De plus, nous appr\u00e9cions les enseignants qui recherchent les sciences de l&#8217;arabe et du Coran et qui consacrent beaucoup de temps \u00e0 cette fin.<br \/>\nLa valeur du temps et les normes de discipline sont des priorit\u00e9s \u00e0 <strong><em>Dar Al Bayan<\/em>.<\/strong><br \/>\nL&#8217;administration de <strong><em>Dar Al Bayan<\/em><\/strong> motive les apprenants assidus qui cherchent \u00e0 apprendre l&#8217;arabe et le Coran en ligne \u00e0 travers des tests et des comp\u00e9titions qui montrent le niveau et le progr\u00e8s des apprenants.<br \/>\nSi l&#8217;\u00e9tudiant r\u00e9ussit et a la confiance de<em><strong> Dar Al Bayan<\/strong>,<\/em> il sera certifi\u00e9 par le centre pour devenir enseignant, s&#8217;il r\u00e9ussit tous les tests et s&#8217;il ma\u00eetrise le Coran.<br \/>\nLes prix pratiqu\u00e9s par<strong><em> Dar Al Bayan<\/em><\/strong> sont abordables pour les apprenants qui souhaitent apprendre l&#8217;arabe et le Coran en ligne, tout en b\u00e9n\u00e9ficiant des meilleurs services \u00e9ducatifs.<br \/>\nUne large opportunit\u00e9 de rejoindre des classes interactives en ligne avec audio et vid\u00e9o pour l&#8217;enseignement de<em><strong> l&#8217;arabe et du Coran en ligne<\/strong>.<\/em><br \/>\nA <em><strong>Dar Al Bayan<\/strong><\/em>, vous <strong><em>apprendrez le Coran en ligne<\/em><\/strong> et corrigerez vos erreurs et vos pri\u00e8res, et vous n&#8217;aurez pas besoin de sortir de chez vous, vous serez en s\u00e9curit\u00e9 \u00e0 votre place et vous rejoindrez la classe par Skype ou Zoom.<br \/>\nCible les entreprises et les soci\u00e9t\u00e9s cherchant \u00e0 donner \u00e0 leurs membres des cours d&#8217;arabe pour <em><strong>apprendre l&#8217;arabe.<\/strong><\/em><br \/>\nStatistiques et chiffres : 1000 adeptes \u00e9trangers, 20 enseignants certifi\u00e9s, 100 \u00e9tudiants inscrits, 650 \u00e9tudiants dipl\u00f4m\u00e9s.<\/li>\n<\/ul>\n<p>[\/vc_column_text][\/vc_column][\/vc_row][vc_row][vc_column width=&#8221;1\/4&#8243;]<div class=\"thim-widget-counters-box\"><div class=\"counter-box  about-us\" style=\"\"><div class=\"content-box-percentage\">\n\t\t<div class=\"wrap-percentage\">\n\t\t<div class=\"display-percentage\" data-percentage=\"1000\" >1000<\/div><div class=\"text_number\"><\/div><\/div><div class=\"counter-content-container\"><div class=\"counter-box-content\">DISCIPLES \u00c9TRANGERS<\/div><\/div><\/div><\/div><\/div>[\/vc_column][vc_column width=&#8221;1\/4&#8243;]<div class=\"thim-widget-counters-box\"><div class=\"counter-box  about-us\" style=\"\"><div class=\"content-box-percentage\">\n\t\t<div class=\"wrap-percentage\">\n\t\t<div class=\"display-percentage\" data-percentage=\"20\" >20<\/div><div class=\"text_number\"><\/div><\/div><div class=\"counter-content-container\"><div class=\"counter-box-content\">ENSEIGNANTS CERTIFI\u00c9S<\/div><\/div><\/div><\/div><\/div>[\/vc_column][vc_column width=&#8221;1\/4&#8243;]<div class=\"thim-widget-counters-box\"><div class=\"counter-box  about-us\" style=\"\"><div class=\"content-box-percentage\">\n\t\t<div class=\"wrap-percentage\">\n\t\t<div class=\"display-percentage\" data-percentage=\"100\" >100<\/div><div class=\"text_number\"><\/div><\/div><div class=\"counter-content-container\"><div class=\"counter-box-content\">\u00c9TUDIANTS INSCRITS<\/div><\/div><\/div><\/div><\/div>[\/vc_column][vc_column width=&#8221;1\/4&#8243;]<div class=\"thim-widget-counters-box\"><div class=\"counter-box  about-us\" style=\"\"><div class=\"content-box-percentage\">\n\t\t<div class=\"wrap-percentage\">\n\t\t<div class=\"display-percentage\" data-percentage=\"650\" >650<\/div><div class=\"text_number\"><\/div><\/div><div class=\"counter-content-container\"><div class=\"counter-box-content\">COURS COMPLETS<\/div><\/div><\/div><\/div><\/div>[\/vc_column][\/vc_row][vc_row][vc_column]<div class=\"thim-widget-gallery-images\"><div class=\"thim-carousel-wrapper gallery-img  \" data-visible=\"1\"data-itemtablet=\"1\" data-itemmobile=\"1\" data-autoplay=\"0\" data-navigation=\"0\" data-pagination=\"1\" data-loop=\"true\"><div class=\"item\"><img src =\"https:\/\/dar-albayan.com\/wp-content\/uploads\/2018\/11\/500_F_114987844_WTMSRvECzI7eMDqXSOAEfeowYqh7pvwB.jpg\" width=\"500\" height=\"334\" alt=\"\"\/><\/div><\/div><\/div>[vc_column_text]<\/p>\n<div class=\"thim-about-us-quote\">\n<p>&#8220;Notre centre se pr\u00e9occupe des \u00e9tudiants et des enseignants, nous nous effor\u00e7ons de cr\u00e9er une atmosph\u00e8re pure pour les \u00e9tudiants et de les aider \u00e0 apprendre plus vite et mieux.<\/p>\n<h6><strong>Marwa Mahdy, Fondatrice<\/strong><\/h6>\n<hr \/>\n<\/div>\n<p>[\/vc_column_text][\/vc_column][\/vc_row][vc_row css=&#8221;.vc_custom_1471796791252{margin-bottom: 63px !important;}&#8221;][vc_column width=&#8221;1\/2&#8243; css=&#8221;.vc_custom_1471796770554{margin-bottom: 30px !important;}&#8221;][vc_column_text]<\/p>\n<h1><strong>Qui sommes-nous<\/strong> ?<\/h1>\n<p>Bienvenue \u00e0 l&#8217;institut Dar Al Bayan pour l&#8217;enseignement du Coran en ligne.<br \/>\nApprenez le Coran Corrigez vos erreurs et la pri\u00e8re etc.<br \/>\nLa plupart des gens ne font pas la distinction entre (&#8220;\u0637 \u062a\u060c \u0633 \u0635 \u062b\u060c \u0627 \u0639\u060c\u06c1 \u062d\u060c\u0636 \u0630 \u0638 &#8221; )Rappelez-vous Si les mots changent, alors votre pri\u00e8re sera incompl\u00e8te alors rejoignez-nous pour r\u00e9citer correctement.<\/p>\n<p>Apprendre le Saint Coran avec l&#8217;institut Dar Al Bayan[\/vc_column_text][\/vc_column][vc_column width=&#8221;1\/2&#8243; css=&#8221;.vc_custom_1471796781968{margin-bottom: 30px !important;}&#8221;][vc_column_text]<\/p>\n<h1><strong>Qui sommes-nous<\/strong> ?<\/h1>\n<p>1) Pas besoin de sortir de chez vous, vous \u00eates en s\u00e9curit\u00e9 chez vous.<br \/>\n2. cours individuels par skype ou zoom.<br \/>\n3. personnel hautement qualifi\u00e9<br \/>\n4. tarifs normaux.<br \/>\n5. aussi utile pour les enfants que pour les adultes.<br \/>\n6. tuteur masculin ou f\u00e9minin disponible.<br \/>\n7. rejoignez-nous pour un ou plusieurs essais gratuits.[\/vc_column_text][\/vc_column][\/vc_row][vc_row][vc_column]<div class=\"thim-widget-heading\"><div class=\"sc_heading   text-center\"><h3 class=\"title\">Rencontrez notre \u00e9quipe<\/h3><\/div><\/div>[\/vc_column][\/vc_row][vc_row el_class=&#8221;thim-no-margin-bottom&#8221;][vc_column]<div class=\"thim-widget-our-team\"><div class=\"wrapper-lists-our-team \"><div class=\"row\"><div class=\"our-team-item col-sm-3\"><div class=\"our-team-image\"> <a class=\"link-img\" href=\"https:\/\/dar-albayan.com\/fr\/our_team\/shaykh-mohamed-rabee\/\"><\/a><img src=\"https:\/\/dar-albayan.com\/wp-content\/uploads\/2020\/03\/Avatar15-512-200x200.png\" alt=\"Avatar15-512\" title=\"Avatar15-512\"  width=\"200\" height=\"200\" data-skip-lazy><div class=\"social-team\"><\/div><\/div><div class=\"content-team\"><h4 class=\"title\">Shaykh Mohamed Rabee<\/h4><\/div><\/div><div class=\"our-team-item col-sm-3\"><div class=\"our-team-image\"> <a class=\"link-img\" href=\"https:\/\/dar-albayan.com\/fr\/our_team\/hanaa\/\"><\/a><img src=\"https:\/\/dar-albayan.com\/wp-content\/uploads\/2018\/12\/images-4-154x200.jpg\" alt=\"images (4)\" title=\"images (4)\"  width=\"200\" height=\"200\" data-skip-lazy><div class=\"social-team\"><\/div><\/div><div class=\"content-team\"><h4 class=\"title\">Hanaa<\/h4><\/div><\/div><div class=\"our-team-item col-sm-3\"><div class=\"our-team-image\"> <a class=\"link-img\" href=\"https:\/\/dar-albayan.com\/fr\/our_team\/fathy\/\"><\/a><img src=\"https:\/\/dar-albayan.com\/wp-content\/uploads\/2018\/12\/Religions-Muslim-Male-icon-200x200.png\" alt=\"Religions-Muslim-Male-icon\" title=\"Religions-Muslim-Male-icon\"  width=\"200\" height=\"200\" data-skip-lazy><div class=\"social-team\"><\/div><\/div><div class=\"content-team\"><h4 class=\"title\">Shaykh Fathy<\/h4><\/div><\/div><div class=\"our-team-item col-sm-3\"><div class=\"our-team-image\"> <a class=\"link-img\" href=\"https:\/\/dar-albayan.com\/fr\/our_team\/nadia\/\"><\/a><img src=\"https:\/\/dar-albayan.com\/wp-content\/uploads\/2018\/12\/images-4-154x200.jpg\" alt=\"images (4)\" title=\"images (4)\"  width=\"200\" height=\"200\" data-skip-lazy><div class=\"social-team\"><\/div><\/div><div class=\"content-team\"><h4 class=\"title\">Shaykha Nadia<\/h4><\/div><\/div><div class=\"our-team-item col-sm-3\"><div class=\"our-team-image\"> <a class=\"link-img\" href=\"https:\/\/dar-albayan.com\/fr\/our_team\/ali-abo-sofian\/\"><\/a><img src=\"https:\/\/dar-albayan.com\/wp-content\/uploads\/2018\/12\/images-3-200x200.jpg\" alt=\"images (3)\" title=\"images (3)\"  width=\"200\" height=\"200\" data-skip-lazy><div class=\"social-team\"><\/div><\/div><div class=\"content-team\"><h4 class=\"title\">Shaykh Ali abo sofian<\/h4><\/div><\/div><div class=\"our-team-item col-sm-3\"><div class=\"our-team-image\"> <a class=\"link-img\" href=\"https:\/\/dar-albayan.com\/fr\/our_team\/hala-elshahed\/\"><\/a><img src=\"https:\/\/dar-albayan.com\/wp-content\/uploads\/2018\/12\/images-4-154x200.jpg\" alt=\"images (4)\" title=\"images (4)\"  width=\"200\" height=\"200\" data-skip-lazy><div class=\"social-team\"><\/div><\/div><div class=\"content-team\"><h4 class=\"title\">Shaykha Hala Elshahed<\/h4><\/div><\/div><div class=\"our-team-item col-sm-3\"><div class=\"our-team-image\"> <a class=\"link-img\" href=\"https:\/\/dar-albayan.com\/fr\/our_team\/marwa-mahdy\/\"><\/a><img src=\"https:\/\/dar-albayan.com\/wp-content\/uploads\/2018\/10\/Avatar14-512-200x200.png\" alt=\"Avatar14-512\" title=\"Avatar14-512\"  width=\"200\" height=\"200\" data-skip-lazy><div class=\"social-team\"><\/div><\/div><div class=\"content-team\"><h4 class=\"title\">Marwa Mahdy<\/h4><div class = \"regency\">Founder , GM<\/div><\/div><\/div><div class=\"our-team-item col-sm-3\"><div class=\"our-team-image\"> <a class=\"link-img\" href=\"https:\/\/dar-albayan.com\/fr\/our_team\/um-hafsa\/\"><\/a><img src=\"https:\/\/dar-albayan.com\/wp-content\/uploads\/2018\/10\/Avatar14-512-200x200.png\" alt=\"Avatar14-512\" title=\"Avatar14-512\"  width=\"200\" height=\"200\" data-skip-lazy><div class=\"social-team\"><\/div><\/div><div class=\"content-team\"><h4 class=\"title\">Dina<\/h4><div class = \"regency\">Team Leader<\/div><\/div><\/div><\/div><\/div><\/div>[\/vc_column][\/vc_row]<\/p>\n","protected":false},"excerpt":{"rendered":"<p>[vc_row css=&#8221;.vc_custom_1471019067901{padding-top: 30px !important;}&#8221;][vc_column][vc_column_text css_animation=&#8221;fadeIn&#8221;]&nbsp; Dar Al Bayan est un centre \u00e9gyptien \u00e9tabli en 2013 en Egypte, nous sommes sp\u00e9cialis\u00e9s dans l&#8217;enseignement de l&#8217;arabe et du Coran aux non-natifs qui souhaitent apprendre l&#8217;arabe et le Coran en ligne. Nous avons &hellip; <\/p>\n","protected":false},"author":1,"featured_media":0,"parent":0,"menu_order":0,"comment_status":"closed","ping_status":"closed","template":"","meta":{"om_disable_all_campaigns":false,"_mi_skip_tracking":false,"_monsterinsights_sitenote_active":false,"_monsterinsights_sitenote_note":"","_monsterinsights_sitenote_category":0,"footnotes":""},"aioseo_notices":[],"yoast_head":"<!-- This site is optimized with the Yoast SEO plugin v21.1 - https:\/\/yoast.com\/wordpress\/plugins\/seo\/ -->\n<title>About Us - Dar Al Bayan<\/title>\n<meta name=\"robots\" content=\"noindex, follow, max-snippet:-1, max-image-preview:large, max-video-preview:-1\" \/>\n<meta property=\"og:locale\" content=\"fr_FR\" \/>\n<meta property=\"og:type\" content=\"article\" \/>\n<meta property=\"og:title\" content=\"About Us - Dar Al Bayan\" \/>\n<meta property=\"og:description\" content=\"[vc_row css=&#8221;.vc_custom_1471019067901{padding-top: 30px !important;}&#8221;][vc_column][vc_column_text css_animation=&#8221;fadeIn&#8221;]&nbsp; Dar Al Bayan est un centre \u00e9gyptien \u00e9tabli en 2013 en Egypte, nous sommes sp\u00e9cialis\u00e9s dans l&#8217;enseignement de l&#8217;arabe et du Coran aux non-natifs qui souhaitent apprendre l&#8217;arabe et le Coran en ligne. Nous avons &hellip;\" \/>\n<meta property=\"og:url\" content=\"https:\/\/dar-albayan.com\/fr\/about-us\/\" \/>\n<meta property=\"og:site_name\" content=\"Dar Al Bayan\" \/>\n<meta property=\"article:modified_time\" content=\"2023-03-08T22:10:46+00:00\" \/>\n<meta name=\"twitter:card\" content=\"summary_large_image\" \/>\n<meta name=\"twitter:label1\" content=\"Dur\u00e9e de lecture estim\u00e9e\" \/>\n\t<meta name=\"twitter:data1\" content=\"4 minutes\" \/>\n<script type=\"application\/ld+json\" class=\"yoast-schema-graph\">{\"@context\":\"https:\/\/schema.org\",\"@graph\":[{\"@type\":\"WebPage\",\"@id\":\"https:\/\/dar-albayan.com\/fr\/about-us\/\",\"url\":\"https:\/\/dar-albayan.com\/fr\/about-us\/\",\"name\":\"About Us - Dar Al Bayan\",\"isPartOf\":{\"@id\":\"\/#website\"},\"datePublished\":\"2015-11-18T08:34:00+00:00\",\"dateModified\":\"2023-03-08T22:10:46+00:00\",\"breadcrumb\":{\"@id\":\"https:\/\/dar-albayan.com\/fr\/about-us\/#breadcrumb\"},\"inLanguage\":\"fr-FR\",\"potentialAction\":[{\"@type\":\"ReadAction\",\"target\":[\"https:\/\/dar-albayan.com\/fr\/about-us\/\"]}]},{\"@type\":\"BreadcrumbList\",\"@id\":\"https:\/\/dar-albayan.com\/fr\/about-us\/#breadcrumb\",\"itemListElement\":[{\"@type\":\"ListItem\",\"position\":1,\"name\":\"Home\",\"item\":\"https:\/\/dar-albayan.com\/fr\/\"},{\"@type\":\"ListItem\",\"position\":2,\"name\":\"About Us\"}]},{\"@type\":\"WebSite\",\"@id\":\"\/#website\",\"url\":\"\/\",\"name\":\"Dar Al Bayan\",\"description\":\"Learn Arabic and Quran with Tajweed Online\",\"publisher\":{\"@id\":\"\/#organization\"},\"potentialAction\":[{\"@type\":\"SearchAction\",\"target\":{\"@type\":\"EntryPoint\",\"urlTemplate\":\"\/?s={search_term_string}\"},\"query-input\":\"required name=search_term_string\"}],\"inLanguage\":\"fr-FR\"},{\"@type\":\"Organization\",\"@id\":\"\/#organization\",\"name\":\"Dar Al Bayan\",\"url\":\"\/\",\"logo\":{\"@type\":\"ImageObject\",\"inLanguage\":\"fr-FR\",\"@id\":\"\/#\/schema\/logo\/image\/\",\"url\":\"https:\/\/dar-albayan.com\/wp-content\/uploads\/2023\/05\/Dar-albayan2-copy-copy.png\",\"contentUrl\":\"https:\/\/dar-albayan.com\/wp-content\/uploads\/2023\/05\/Dar-albayan2-copy-copy.png\",\"width\":399,\"height\":164,\"caption\":\"Dar Al Bayan\"},\"image\":{\"@id\":\"\/#\/schema\/logo\/image\/\"}}]}<\/script>\n<!-- \/ Yoast SEO plugin. -->","yoast_head_json":{"title":"About Us - Dar Al Bayan","robots":{"index":"noindex","follow":"follow","max-snippet":"max-snippet:-1","max-image-preview":"max-image-preview:large","max-video-preview":"max-video-preview:-1"},"og_locale":"fr_FR","og_type":"article","og_title":"About Us - Dar Al Bayan","og_description":"[vc_row css=&#8221;.vc_custom_1471019067901{padding-top: 30px !important;}&#8221;][vc_column][vc_column_text css_animation=&#8221;fadeIn&#8221;]&nbsp; Dar Al Bayan est un centre \u00e9gyptien \u00e9tabli en 2013 en Egypte, nous sommes sp\u00e9cialis\u00e9s dans l&#8217;enseignement de l&#8217;arabe et du Coran aux non-natifs qui souhaitent apprendre l&#8217;arabe et le Coran en ligne. Nous avons &hellip;","og_url":"https:\/\/dar-albayan.com\/fr\/about-us\/","og_site_name":"Dar Al Bayan","article_modified_time":"2023-03-08T22:10:46+00:00","twitter_card":"summary_large_image","twitter_misc":{"Dur\u00e9e de lecture estim\u00e9e":"4 minutes"},"schema":{"@context":"https:\/\/schema.org","@graph":[{"@type":"WebPage","@id":"https:\/\/dar-albayan.com\/fr\/about-us\/","url":"https:\/\/dar-albayan.com\/fr\/about-us\/","name":"About Us - Dar Al Bayan","isPartOf":{"@id":"\/#website"},"datePublished":"2015-11-18T08:34:00+00:00","dateModified":"2023-03-08T22:10:46+00:00","breadcrumb":{"@id":"https:\/\/dar-albayan.com\/fr\/about-us\/#breadcrumb"},"inLanguage":"fr-FR","potentialAction":[{"@type":"ReadAction","target":["https:\/\/dar-albayan.com\/fr\/about-us\/"]}]},{"@type":"BreadcrumbList","@id":"https:\/\/dar-albayan.com\/fr\/about-us\/#breadcrumb","itemListElement":[{"@type":"ListItem","position":1,"name":"Home","item":"https:\/\/dar-albayan.com\/fr\/"},{"@type":"ListItem","position":2,"name":"About Us"}]},{"@type":"WebSite","@id":"\/#website","url":"\/","name":"Dar Al Bayan","description":"Learn Arabic and Quran with Tajweed Online","publisher":{"@id":"\/#organization"},"potentialAction":[{"@type":"SearchAction","target":{"@type":"EntryPoint","urlTemplate":"\/?s={search_term_string}"},"query-input":"required name=search_term_string"}],"inLanguage":"fr-FR"},{"@type":"Organization","@id":"\/#organization","name":"Dar Al Bayan","url":"\/","logo":{"@type":"ImageObject","inLanguage":"fr-FR","@id":"\/#\/schema\/logo\/image\/","url":"https:\/\/dar-albayan.com\/wp-content\/uploads\/2023\/05\/Dar-albayan2-copy-copy.png","contentUrl":"https:\/\/dar-albayan.com\/wp-content\/uploads\/2023\/05\/Dar-albayan2-copy-copy.png","width":399,"height":164,"caption":"Dar Al Bayan"},"image":{"@id":"\/#\/schema\/logo\/image\/"}}]}},"_links":{"self":[{"href":"https:\/\/dar-albayan.com\/fr\/wp-json\/wp\/v2\/pages\/9676"}],"collection":[{"href":"https:\/\/dar-albayan.com\/fr\/wp-json\/wp\/v2\/pages"}],"about":[{"href":"https:\/\/dar-albayan.com\/fr\/wp-json\/wp\/v2\/types\/page"}],"author":[{"embeddable":true,"href":"https:\/\/dar-albayan.com\/fr\/wp-json\/wp\/v2\/users\/1"}],"replies":[{"embeddable":true,"href":"https:\/\/dar-albayan.com\/fr\/wp-json\/wp\/v2\/comments?post=9676"}],"version-history":[{"count":2,"href":"https:\/\/dar-albayan.com\/fr\/wp-json\/wp\/v2\/pages\/9676\/revisions"}],"predecessor-version":[{"id":10376,"href":"https:\/\/dar-albayan.com\/fr\/wp-json\/wp\/v2\/pages\/9676\/revisions\/10376"}],"wp:attachment":[{"href":"https:\/\/dar-albayan.com\/fr\/wp-json\/wp\/v2\/media?parent=9676"}],"curies":[{"name":"wp","href":"https:\/\/api.w.org\/{rel}","templated":true}]}}