{"id":9683,"date":"2015-10-22T03:26:46","date_gmt":"2015-10-22T03:26:46","guid":{"rendered":"https:\/\/coursarabe-daralbayan.fr\/faqs\/"},"modified":"2023-05-13T18:22:36","modified_gmt":"2023-05-13T18:22:36","slug":"faqs","status":"publish","type":"page","link":"https:\/\/dar-albayan.com\/fr\/faqs\/","title":{"rendered":"FAQs"},"content":{"rendered":"<p>[vc_row css=&#8221;.vc_custom_1471068902336{padding-top: 30px !important;}&#8221;][vc_column]<div class=\"thim-widget-heading\"><div class=\"sc_heading   text-center\"><h3 class=\"title\">Questions fr\u00e9quemment pos\u00e9es<\/h3><p class=\"sub-heading\" style=\"\">Answer all of your questions<\/p><\/div><\/div>[\/vc_column][\/vc_row][vc_row css=&#8221;.vc_custom_1471081202363{margin-bottom: 5px !important;padding-top: 45px !important;}&#8221;][vc_column][vc_separator color=&#8221;custom&#8221; accent_color=&#8221;#eeeeee&#8221;][\/vc_column][\/vc_row][vc_row][vc_column css=&#8221;.vc_custom_1471081370883{padding-right: 17px !important;}&#8221;][vc_column_text]<\/p>\n<h3><strong>Est-ce que <span style=\"color: #800000;\"><i>apprendre l&#8217;arabe<\/i><\/span> est une \u00e9tape facile ?<\/strong><\/h3>\n<p><span style=\"font-weight: 400;\">Apprendre l&#8217;arabe est comme toutes les autres langues, d\u00e9pend de la motivation de l&#8217;apprenant \u00e0 <\/span><span style=\"color: #800000;\"><b>&lt; i&gt;apprendre l&#8217;arabe<\/b><\/span><span style=\"font-weight: 400;\"> et consacrer du temps et des efforts \u00e0 \u00e9tudier <\/span><span style=\"color: #800000;\"><b><i>Cours d&#8217;arabe<\/i><\/b><\/span><span style=\"font-weight: 400;\"> et acqu\u00e9rir des connaissances. <\/span><\/p>\n<h3><strong>How could learner read and write Arabic on his computer?<\/strong><\/h3>\n<p><span style=\"font-weight: 400;\">Learner can enables the Arabic language on windows, or use instead an online virtual Arabic keyboard, if the learner will use his keyboard he will need to buy Arabic stickers alphabet, or use a keyboard which displays Latin\/Arabic on the keys, Those preparations done before beginning of <\/span><span style=\"color: #800000;\"><b><i>Arabic courses<\/i><\/b><\/span><span style=\"font-weight: 400;\"> .\u00a0<\/span><\/p>\n<p>&nbsp;<\/p>\n<h3><strong>Y a-t-il des \u00e9tapes pour que le d\u00e9butant <span style=\"color: #800000;\"><i>apprenne l&#8217;arabe en ligne<\/i><\/span> ?<\/strong><\/h3>\n<p><span style=\"font-weight: 400;\">En g\u00e9n\u00e9ral, les apprenants \u00e9tudient l&#8217;alphabet arabe, puis prononcent les noms et ses pluriels, puis les verbes et les formes verbales, \u00e0 la fin du niveau d\u00e9butant il y aura des phrases et des conversations. <\/span><\/p>\n<p>&nbsp;<\/p>\n<h3><strong>Est-ce que <span style=\"color: #800000;\"><i>apprendre le Coran en ligne<\/i><\/span> est efficace ?<\/strong><\/h3>\n<p><span style=\"font-weight: 400;\">Il n&#8217;y a pas de diff\u00e9rence entre les vrais cours et les cours en ligne, en plus le <\/span><span style=\"color: #800000;\"><b><i>Coran en ligne courses<\/i><\/b><\/span><span style=\"font-weight: 400;\"> permet \u00e0 l&#8217;apprenant d&#8217;\u00e9tudier n&#8217;importe o\u00f9 et n&#8217;importe quand. \u00c9tudier <\/span><span style=\"color: #800000;\"><b><i>Cours de Coran en ligne<\/i><\/b><\/span><span style=\"font-weight: 400;\"> est tr\u00e8s pratique et s&#8217;adapte \u00e0 l&#8217;horaire de chacun. <\/span><\/p>\n<div id=\"gtx-trans\" style=\"position: absolue; gauche: 228 px; haut: 374,594 px;\">\n<div class=\"gtx-trans-icon\"><\/div>\n<\/div>\n<p>[\/vc_column_text][\/vc_column][\/vc_row]<\/p>\n","protected":false},"excerpt":{"rendered":"<p>[vc_row css=&#8221;.vc_custom_1471068902336{padding-top: 30px !important;}&#8221;][vc_column][\/vc_column][\/vc_row][vc_row css=&#8221;.vc_custom_1471081202363{margin-bottom: 5px !important;padding-top: 45px !important;}&#8221;][vc_column][vc_separator color=&#8221;custom&#8221; accent_color=&#8221;#eeeeee&#8221;][\/vc_column][\/vc_row][vc_row][vc_column css=&#8221;.vc_custom_1471081370883{padding-right: 17px !important;}&#8221;][vc_column_text] Est-ce que apprendre l&#8217;arabe est une \u00e9tape facile ? Apprendre l&#8217;arabe est comme toutes les autres langues, d\u00e9pend de la motivation de l&#8217;apprenant \u00e0 &lt; i&gt;apprendre &hellip; <\/p>\n","protected":false},"author":1,"featured_media":0,"parent":0,"menu_order":0,"comment_status":"closed","ping_status":"closed","template":"","meta":{"om_disable_all_campaigns":false,"_mi_skip_tracking":false,"_monsterinsights_sitenote_active":false,"_monsterinsights_sitenote_note":"","_monsterinsights_sitenote_category":0,"footnotes":""},"aioseo_notices":[],"yoast_head":"<!-- This site is optimized with the Yoast SEO plugin v21.1 - https:\/\/yoast.com\/wordpress\/plugins\/seo\/ -->\n<title>FAQs - Dar Al Bayan<\/title>\n<meta name=\"robots\" content=\"noindex, follow, max-snippet:-1, max-image-preview:large, max-video-preview:-1\" \/>\n<meta property=\"og:locale\" content=\"fr_FR\" \/>\n<meta property=\"og:type\" content=\"article\" \/>\n<meta property=\"og:title\" content=\"FAQs - Dar Al Bayan\" \/>\n<meta property=\"og:description\" content=\"[vc_row css=&#8221;.vc_custom_1471068902336{padding-top: 30px !important;}&#8221;][vc_column][\/vc_column][\/vc_row][vc_row css=&#8221;.vc_custom_1471081202363{margin-bottom: 5px !important;padding-top: 45px !important;}&#8221;][vc_column][vc_separator color=&#8221;custom&#8221; accent_color=&#8221;#eeeeee&#8221;][\/vc_column][\/vc_row][vc_row][vc_column css=&#8221;.vc_custom_1471081370883{padding-right: 17px !important;}&#8221;][vc_column_text] Est-ce que apprendre l&#8217;arabe est une \u00e9tape facile ? Apprendre l&#8217;arabe est comme toutes les autres langues, d\u00e9pend de la motivation de l&#8217;apprenant \u00e0 &lt; i&gt;apprendre &hellip;\" \/>\n<meta property=\"og:url\" content=\"https:\/\/dar-albayan.com\/fr\/faqs\/\" \/>\n<meta property=\"og:site_name\" content=\"Dar Al Bayan\" \/>\n<meta property=\"article:modified_time\" content=\"2023-05-13T18:22:36+00:00\" \/>\n<meta name=\"twitter:card\" content=\"summary_large_image\" \/>\n<meta name=\"twitter:label1\" content=\"Dur\u00e9e de lecture estim\u00e9e\" \/>\n\t<meta name=\"twitter:data1\" content=\"1 minute\" \/>\n<script type=\"application\/ld+json\" class=\"yoast-schema-graph\">{\"@context\":\"https:\/\/schema.org\",\"@graph\":[{\"@type\":\"WebPage\",\"@id\":\"https:\/\/dar-albayan.com\/fr\/faqs\/\",\"url\":\"https:\/\/dar-albayan.com\/fr\/faqs\/\",\"name\":\"FAQs - Dar Al Bayan\",\"isPartOf\":{\"@id\":\"\/#website\"},\"datePublished\":\"2015-10-22T03:26:46+00:00\",\"dateModified\":\"2023-05-13T18:22:36+00:00\",\"breadcrumb\":{\"@id\":\"https:\/\/dar-albayan.com\/fr\/faqs\/#breadcrumb\"},\"inLanguage\":\"fr-FR\",\"potentialAction\":[{\"@type\":\"ReadAction\",\"target\":[\"https:\/\/dar-albayan.com\/fr\/faqs\/\"]}]},{\"@type\":\"BreadcrumbList\",\"@id\":\"https:\/\/dar-albayan.com\/fr\/faqs\/#breadcrumb\",\"itemListElement\":[{\"@type\":\"ListItem\",\"position\":1,\"name\":\"Home\",\"item\":\"https:\/\/dar-albayan.com\/fr\/\"},{\"@type\":\"ListItem\",\"position\":2,\"name\":\"FAQs\"}]},{\"@type\":\"WebSite\",\"@id\":\"\/#website\",\"url\":\"\/\",\"name\":\"Dar Al Bayan\",\"description\":\"Learn Arabic and Quran with Tajweed Online\",\"publisher\":{\"@id\":\"\/#organization\"},\"potentialAction\":[{\"@type\":\"SearchAction\",\"target\":{\"@type\":\"EntryPoint\",\"urlTemplate\":\"\/?s={search_term_string}\"},\"query-input\":\"required name=search_term_string\"}],\"inLanguage\":\"fr-FR\"},{\"@type\":\"Organization\",\"@id\":\"\/#organization\",\"name\":\"Dar Al Bayan\",\"url\":\"\/\",\"logo\":{\"@type\":\"ImageObject\",\"inLanguage\":\"fr-FR\",\"@id\":\"\/#\/schema\/logo\/image\/\",\"url\":\"https:\/\/dar-albayan.com\/wp-content\/uploads\/2023\/05\/Dar-albayan2-copy-copy.png\",\"contentUrl\":\"https:\/\/dar-albayan.com\/wp-content\/uploads\/2023\/05\/Dar-albayan2-copy-copy.png\",\"width\":399,\"height\":164,\"caption\":\"Dar Al Bayan\"},\"image\":{\"@id\":\"\/#\/schema\/logo\/image\/\"}}]}<\/script>\n<!-- \/ Yoast SEO plugin. -->","yoast_head_json":{"title":"FAQs - Dar Al Bayan","robots":{"index":"noindex","follow":"follow","max-snippet":"max-snippet:-1","max-image-preview":"max-image-preview:large","max-video-preview":"max-video-preview:-1"},"og_locale":"fr_FR","og_type":"article","og_title":"FAQs - Dar Al Bayan","og_description":"[vc_row css=&#8221;.vc_custom_1471068902336{padding-top: 30px !important;}&#8221;][vc_column][\/vc_column][\/vc_row][vc_row css=&#8221;.vc_custom_1471081202363{margin-bottom: 5px !important;padding-top: 45px !important;}&#8221;][vc_column][vc_separator color=&#8221;custom&#8221; accent_color=&#8221;#eeeeee&#8221;][\/vc_column][\/vc_row][vc_row][vc_column css=&#8221;.vc_custom_1471081370883{padding-right: 17px !important;}&#8221;][vc_column_text] Est-ce que apprendre l&#8217;arabe est une \u00e9tape facile ? Apprendre l&#8217;arabe est comme toutes les autres langues, d\u00e9pend de la motivation de l&#8217;apprenant \u00e0 &lt; i&gt;apprendre &hellip;","og_url":"https:\/\/dar-albayan.com\/fr\/faqs\/","og_site_name":"Dar Al Bayan","article_modified_time":"2023-05-13T18:22:36+00:00","twitter_card":"summary_large_image","twitter_misc":{"Dur\u00e9e de lecture estim\u00e9e":"1 minute"},"schema":{"@context":"https:\/\/schema.org","@graph":[{"@type":"WebPage","@id":"https:\/\/dar-albayan.com\/fr\/faqs\/","url":"https:\/\/dar-albayan.com\/fr\/faqs\/","name":"FAQs - Dar Al Bayan","isPartOf":{"@id":"\/#website"},"datePublished":"2015-10-22T03:26:46+00:00","dateModified":"2023-05-13T18:22:36+00:00","breadcrumb":{"@id":"https:\/\/dar-albayan.com\/fr\/faqs\/#breadcrumb"},"inLanguage":"fr-FR","potentialAction":[{"@type":"ReadAction","target":["https:\/\/dar-albayan.com\/fr\/faqs\/"]}]},{"@type":"BreadcrumbList","@id":"https:\/\/dar-albayan.com\/fr\/faqs\/#breadcrumb","itemListElement":[{"@type":"ListItem","position":1,"name":"Home","item":"https:\/\/dar-albayan.com\/fr\/"},{"@type":"ListItem","position":2,"name":"FAQs"}]},{"@type":"WebSite","@id":"\/#website","url":"\/","name":"Dar Al Bayan","description":"Learn Arabic and Quran with Tajweed Online","publisher":{"@id":"\/#organization"},"potentialAction":[{"@type":"SearchAction","target":{"@type":"EntryPoint","urlTemplate":"\/?s={search_term_string}"},"query-input":"required name=search_term_string"}],"inLanguage":"fr-FR"},{"@type":"Organization","@id":"\/#organization","name":"Dar Al Bayan","url":"\/","logo":{"@type":"ImageObject","inLanguage":"fr-FR","@id":"\/#\/schema\/logo\/image\/","url":"https:\/\/dar-albayan.com\/wp-content\/uploads\/2023\/05\/Dar-albayan2-copy-copy.png","contentUrl":"https:\/\/dar-albayan.com\/wp-content\/uploads\/2023\/05\/Dar-albayan2-copy-copy.png","width":399,"height":164,"caption":"Dar Al Bayan"},"image":{"@id":"\/#\/schema\/logo\/image\/"}}]}},"_links":{"self":[{"href":"https:\/\/dar-albayan.com\/fr\/wp-json\/wp\/v2\/pages\/9683"}],"collection":[{"href":"https:\/\/dar-albayan.com\/fr\/wp-json\/wp\/v2\/pages"}],"about":[{"href":"https:\/\/dar-albayan.com\/fr\/wp-json\/wp\/v2\/types\/page"}],"author":[{"embeddable":true,"href":"https:\/\/dar-albayan.com\/fr\/wp-json\/wp\/v2\/users\/1"}],"replies":[{"embeddable":true,"href":"https:\/\/dar-albayan.com\/fr\/wp-json\/wp\/v2\/comments?post=9683"}],"version-history":[{"count":1,"href":"https:\/\/dar-albayan.com\/fr\/wp-json\/wp\/v2\/pages\/9683\/revisions"}],"predecessor-version":[{"id":10557,"href":"https:\/\/dar-albayan.com\/fr\/wp-json\/wp\/v2\/pages\/9683\/revisions\/10557"}],"wp:attachment":[{"href":"https:\/\/dar-albayan.com\/fr\/wp-json\/wp\/v2\/media?parent=9683"}],"curies":[{"name":"wp","href":"https:\/\/api.w.org\/{rel}","templated":true}]}}